{"id":10,"date":"2024-08-06T18:25:18","date_gmt":"2024-08-06T16:25:18","guid":{"rendered":"https:\/\/damianeicker.net\/blog\/?page_id=10"},"modified":"2024-08-06T18:25:18","modified_gmt":"2024-08-06T16:25:18","slug":"mentions-legales","status":"publish","type":"page","link":"https:\/\/damianeicker.net\/blog\/mentions-legales\/","title":{"rendered":"Mentions l\u00e9gales"},"content":{"rendered":"\n<p>INFORMATIONS RELATIVES A L&rsquo;HEBERGEUR DU SITE<\/p>\n\n\n\n<ul class=\"wp-block-list\">\n<li>Nom de l&rsquo;h\u00e9bergeur : SAS OVH<\/li>\n\n\n\n<li>Adresse de l&rsquo;h\u00e9bergeur : 2 rue Kellermann BP 80157 59100 Roubaix <\/li>\n<\/ul>\n\n\n\n<p>INFORMATIONS RELATIVES A LA PROTECTION DES DONNEES<br>PERSONNELLES<br>Je m&rsquo;engage \u00e0 respecter les dispositions du R\u00e8glement g\u00e9n\u00e9ral sur la protection des<br>donn\u00e9es (RGPD) pour toutes les donn\u00e9es personnelles que je pourrais collecter et traiter.<br>Pour en savoir plus sur la mani\u00e8re dont je traite vos donn\u00e9es personnelles et sur vos droits,<br>veuillez consulter ma Politique de Confidentialit\u00e9<br><\/p>\n\n\n\n<p>POLITIQUE D&rsquo;UTILISATION DES COOKIES<br>L&rsquo;utilisation de cookies me permet d&rsquo;am\u00e9liorer votre exp\u00e9rience utilisateur sur mon blog.<br>Pour en savoir plus sur les cookies que j&rsquo;utilise et comment vous pouvez g\u00e9rer ces cookies,<br>veuillez consulter ma Politique en mati\u00e8re de Cookies.<\/p>\n\n\n\n<p>DROIT APPLICABLE<br>Les pr\u00e9sentes mentions l\u00e9gales sont soumises au droit fran\u00e7ais.<\/p>\n\n\n\n<p><br>PROPRIETE INTELLECTUELLE<br>Tous les contenus pr\u00e9sents sur ce site web, y compris, mais sans s&rsquo;y limiter, les textes,<br>images, graphiques, logos, ic\u00f4nes, sons et logiciels, sont la propri\u00e9t\u00e9 de [Nom de<br>l&rsquo;entreprise] ou de ses fournisseurs de contenu, et sont prot\u00e9g\u00e9s par les lois internationales<br>sur les droits d&rsquo;auteur. L&rsquo;organisation et la pr\u00e9sentation de tout ce contenu, ainsi que le<br>code source, sont la propri\u00e9t\u00e9 exclusive de l&rsquo;auteur.<br>Toutes les marques commerciales utilis\u00e9es ou mentionn\u00e9es sur ce site sont la propri\u00e9t\u00e9 de<br>leurs propri\u00e9taires respectifs.<br>L&rsquo;utilisateur n&rsquo;est pas autoris\u00e9 \u00e0 utiliser, reproduire, copier, modifier, transmettre, diffuser,<br>vendre, licencier, ou de toute autre mani\u00e8re exploiter le contenu du site \u00e0 des fins<br>commerciales, sans l&rsquo;autorisation \u00e9crite pr\u00e9alable de l&rsquo;auteur ou du titulaire<br>des droits.<br>Toute violation de ces droits peut entra\u00eener des poursuites civiles ou p\u00e9nales<br>conform\u00e9ment aux lois applicables.<\/p>\n\n\n\n<p><br>Ce site peut contenir des informations fournies par des entreprises externes ou des liens<br>hypertextes vers d&rsquo;autres sites qui ne sont pas g\u00e9r\u00e9s par l&rsquo;auteur. Ces liens et<br>informations sont fournis \u00e0 titre de convenance pour l&rsquo;utilisateur. L&rsquo;existence d&rsquo;un lien vers<br>un autre site ne constitue pas une approbation de ce site ou de son contenu par l&rsquo;auteur. Il incombe \u00e0 l&rsquo;utilisateur d&rsquo;utiliser ces informations avec discernement et un<br>esprit critique. La responsabilit\u00e9 de l&rsquo;auteur ne peut \u00eatre engag\u00e9e en raison<br>des informations, opinions et recommandations fournies par des tiers.<br>Les entreprises qui souhaitent \u00e9tablir un lien vers ce site sont libres de le faire. Nous<br>appr\u00e9cierions que vous nous informiez de la mise en place d&rsquo;un lien en nous contactant<br>via le formulaire de contact, en nous fournissant votre raison sociale, votre activit\u00e9 et l&rsquo;URL<br>de la page o\u00f9 se trouve le lien.<\/p>\n\n\n\n<p><br>Derni\u00e8re mise \u00e0 jour : 06\/08\/2024<\/p>\n","protected":false},"excerpt":{"rendered":"<p>INFORMATIONS RELATIVES A L&rsquo;HEBERGEUR DU SITE INFORMATIONS RELATIVES A LA PROTECTION DES DONNEESPERSONNELLESJe m&rsquo;engage \u00e0 respecter les dispositions du R\u00e8glement g\u00e9n\u00e9ral sur la protection desdonn\u00e9es (RGPD) pour toutes les donn\u00e9es personnelles que je pourrais collecter et traiter.Pour en savoir plus sur la mani\u00e8re dont je traite vos donn\u00e9es personnelles et sur vos droits,veuillez consulter ma [&hellip;]<\/p>\n","protected":false},"author":1,"featured_media":0,"parent":0,"menu_order":0,"comment_status":"closed","ping_status":"closed","template":"","meta":{"jetpack_post_was_ever_published":false,"footnotes":""},"class_list":["post-10","page","type-page","status-publish","hentry"],"jetpack_sharing_enabled":true,"jetpack_likes_enabled":true,"post_mailing_queue_ids":[],"_links":{"self":[{"href":"https:\/\/damianeicker.net\/blog\/wp-json\/wp\/v2\/pages\/10","targetHints":{"allow":["GET"]}}],"collection":[{"href":"https:\/\/damianeicker.net\/blog\/wp-json\/wp\/v2\/pages"}],"about":[{"href":"https:\/\/damianeicker.net\/blog\/wp-json\/wp\/v2\/types\/page"}],"author":[{"embeddable":true,"href":"https:\/\/damianeicker.net\/blog\/wp-json\/wp\/v2\/users\/1"}],"replies":[{"embeddable":true,"href":"https:\/\/damianeicker.net\/blog\/wp-json\/wp\/v2\/comments?post=10"}],"version-history":[{"count":1,"href":"https:\/\/damianeicker.net\/blog\/wp-json\/wp\/v2\/pages\/10\/revisions"}],"predecessor-version":[{"id":11,"href":"https:\/\/damianeicker.net\/blog\/wp-json\/wp\/v2\/pages\/10\/revisions\/11"}],"wp:attachment":[{"href":"https:\/\/damianeicker.net\/blog\/wp-json\/wp\/v2\/media?parent=10"}],"curies":[{"name":"wp","href":"https:\/\/api.w.org\/{rel}","templated":true}]}}